{"id":526,"date":"2021-08-27T18:27:01","date_gmt":"2021-08-27T23:27:01","guid":{"rendered":"https:\/\/micro-aid.com\/dpi-global\/"},"modified":"2025-07-28T21:59:54","modified_gmt":"2025-07-29T02:59:54","slug":"dpi-global","status":"publish","type":"page","link":"https:\/\/micro-aid.com\/es\/dpi-global\/","title":{"rendered":"DPI Global"},"content":{"rendered":"<p>Distributors Processing, Inc. (dba DPI GLOBAL), una empresa privada, es la autoridad reconocida en tecnolog\u00edas de control de residuos y eliminaci\u00f3n de olores. DPI GLOBAL fabrica productos para la sostenibilidad medioambiental con una reputaci\u00f3n mundial de liderazgo e innovaci\u00f3n en los sectores del cuidado de los animales, la agricultura, la horticultura, los municipios y la industria. Los consumidores utilizan las tecnolog\u00edas de DPI GLOBAL con el mayor grado de confianza en su calidad, eficacia, seguridad y fiabilidad.<\/p>\n<p>DPI GLOBAL se fund\u00f3 en 1965 para poner a disposici\u00f3n de los agricultores y ganaderos tecnolog\u00edas innovadoras para la mejora del medio ambiente, el control de los olores, la eficiencia de la producci\u00f3n y para ayudar a mantener la salud de los animales y los cultivos. La investigaci\u00f3n siempre ha sido el principal pilar de nuestra fundaci\u00f3n y todas nuestras tecnolog\u00edas se apoyan en una amplia investigaci\u00f3n a lo largo del tiempo, en condiciones muy controladas, tanto en instalaciones y laboratorios de investigaci\u00f3n universitarios como privados. El \u00e9xito de cada proyecto impulsa el desarrollo de la industria.<\/p>\n","protected":false},"excerpt":{"rendered":"<p>Distributors Processing, Inc. (dba DPI GLOBAL), una empresa privada, es la autoridad reconocida en tecnolog\u00edas de control de residuos y eliminaci\u00f3n de olores. DPI GLOBAL fabrica productos para la sostenibilidad medioambiental con una reputaci\u00f3n mundial de liderazgo e innovaci\u00f3n en los sectores del cuidado de los animales, la agricultura, la horticultura, los municipios y la [&#8230;]<\/p>\n<p><a class=\"btn btn-secondary understrap-read-more-link\" href=\"https:\/\/micro-aid.com\/es\/dpi-global\/\">Leer m\u00e1s&#8230;<span class=\"screen-reader-text\"> from DPI Global<\/span><\/a><\/p>\n","protected":false},"author":1,"featured_media":0,"parent":0,"menu_order":0,"comment_status":"closed","ping_status":"closed","template":"page-templates\/dpi.php","meta":{"_acf_changed":false,"footnotes":""},"class_list":["post-526","page","type-page","status-publish","hentry"],"acf":[],"yoast_head":"<!-- This site is optimized with the Yoast SEO plugin v26.8 - https:\/\/yoast.com\/product\/yoast-seo-wordpress\/ -->\n<title>DPI Global - Micro-Aid\u00ae<\/title>\n<meta name=\"description\" content=\"Los consumidores pueden utilizar las tecnolog\u00edas de DPI GLOBAL con la m\u00e1xima confianza en su calidad, eficacia, fiabilidad y seguridad.\" \/>\n<meta name=\"robots\" content=\"index, follow, max-snippet:-1, max-image-preview:large, max-video-preview:-1\" \/>\n<link rel=\"canonical\" href=\"https:\/\/micro-aid.com\/es\/dpi-global\/\" \/>\n<meta property=\"og:locale\" content=\"es_ES\" \/>\n<meta property=\"og:type\" content=\"article\" \/>\n<meta property=\"og:title\" content=\"DPI Global - Micro-Aid\u00ae\" \/>\n<meta property=\"og:description\" content=\"Los consumidores pueden utilizar las tecnolog\u00edas de DPI GLOBAL con la m\u00e1xima confianza en su calidad, eficacia, fiabilidad y seguridad.\" \/>\n<meta property=\"og:url\" content=\"https:\/\/micro-aid.com\/es\/dpi-global\/\" \/>\n<meta property=\"og:site_name\" content=\"Micro-Aid\u00ae\" \/>\n<meta property=\"article:modified_time\" content=\"2025-07-29T02:59:54+00:00\" \/>\n<meta name=\"twitter:card\" content=\"summary_large_image\" \/>\n<meta name=\"twitter:label1\" content=\"Tiempo de lectura\" \/>\n\t<meta name=\"twitter:data1\" content=\"1 minuto\" \/>\n<script type=\"application\/ld+json\" class=\"yoast-schema-graph\">{\"@context\":\"https:\/\/schema.org\",\"@graph\":[{\"@type\":\"WebPage\",\"@id\":\"https:\/\/micro-aid.com\/es\/dpi-global\/\",\"url\":\"https:\/\/micro-aid.com\/es\/dpi-global\/\",\"name\":\"DPI Global - Micro-Aid\u00ae\",\"isPartOf\":{\"@id\":\"https:\/\/micro-aid.com\/es\/#website\"},\"datePublished\":\"2021-08-27T23:27:01+00:00\",\"dateModified\":\"2025-07-29T02:59:54+00:00\",\"description\":\"Los consumidores pueden utilizar las tecnolog\u00edas de DPI GLOBAL con la m\u00e1xima confianza en su calidad, eficacia, fiabilidad y seguridad.\",\"breadcrumb\":{\"@id\":\"https:\/\/micro-aid.com\/es\/dpi-global\/#breadcrumb\"},\"inLanguage\":\"es\",\"potentialAction\":[{\"@type\":\"ReadAction\",\"target\":[\"https:\/\/micro-aid.com\/es\/dpi-global\/\"]}]},{\"@type\":\"BreadcrumbList\",\"@id\":\"https:\/\/micro-aid.com\/es\/dpi-global\/#breadcrumb\",\"itemListElement\":[{\"@type\":\"ListItem\",\"position\":1,\"name\":\"Home\",\"item\":\"https:\/\/micro-aid.com\/es\/inicio\/\"},{\"@type\":\"ListItem\",\"position\":2,\"name\":\"DPI Global\"}]},{\"@type\":\"WebSite\",\"@id\":\"https:\/\/micro-aid.com\/es\/#website\",\"url\":\"https:\/\/micro-aid.com\/es\/\",\"name\":\"Micro-Aid\u00ae\",\"description\":\"Descubra los beneficios de Micro-Aid\u00ae totalmente natural\",\"publisher\":{\"@id\":\"https:\/\/micro-aid.com\/es\/#organization\"},\"potentialAction\":[{\"@type\":\"SearchAction\",\"target\":{\"@type\":\"EntryPoint\",\"urlTemplate\":\"https:\/\/micro-aid.com\/es\/?s={search_term_string}\"},\"query-input\":{\"@type\":\"PropertyValueSpecification\",\"valueRequired\":true,\"valueName\":\"search_term_string\"}}],\"inLanguage\":\"es\"},{\"@type\":\"Organization\",\"@id\":\"https:\/\/micro-aid.com\/es\/#organization\",\"name\":\"Micro-Aid\u00ae\",\"url\":\"https:\/\/micro-aid.com\/es\/\",\"logo\":{\"@type\":\"ImageObject\",\"inLanguage\":\"es\",\"@id\":\"https:\/\/micro-aid.com\/es\/#\/schema\/logo\/image\/\",\"url\":\"https:\/\/micro-aid.com\/wp-content\/uploads\/2021\/08\/microaid-logo.svg\",\"contentUrl\":\"https:\/\/micro-aid.com\/wp-content\/uploads\/2021\/08\/microaid-logo.svg\",\"width\":334,\"height\":58,\"caption\":\"Micro-Aid\u00ae\"},\"image\":{\"@id\":\"https:\/\/micro-aid.com\/es\/#\/schema\/logo\/image\/\"}}]}<\/script>\n<!-- \/ Yoast SEO plugin. -->","yoast_head_json":{"title":"DPI Global - Micro-Aid\u00ae","description":"Los consumidores pueden utilizar las tecnolog\u00edas de DPI GLOBAL con la m\u00e1xima confianza en su calidad, eficacia, fiabilidad y seguridad.","robots":{"index":"index","follow":"follow","max-snippet":"max-snippet:-1","max-image-preview":"max-image-preview:large","max-video-preview":"max-video-preview:-1"},"canonical":"https:\/\/micro-aid.com\/es\/dpi-global\/","og_locale":"es_ES","og_type":"article","og_title":"DPI Global - Micro-Aid\u00ae","og_description":"Los consumidores pueden utilizar las tecnolog\u00edas de DPI GLOBAL con la m\u00e1xima confianza en su calidad, eficacia, fiabilidad y seguridad.","og_url":"https:\/\/micro-aid.com\/es\/dpi-global\/","og_site_name":"Micro-Aid\u00ae","article_modified_time":"2025-07-29T02:59:54+00:00","twitter_card":"summary_large_image","twitter_misc":{"Tiempo de lectura":"1 minuto"},"schema":{"@context":"https:\/\/schema.org","@graph":[{"@type":"WebPage","@id":"https:\/\/micro-aid.com\/es\/dpi-global\/","url":"https:\/\/micro-aid.com\/es\/dpi-global\/","name":"DPI Global - Micro-Aid\u00ae","isPartOf":{"@id":"https:\/\/micro-aid.com\/es\/#website"},"datePublished":"2021-08-27T23:27:01+00:00","dateModified":"2025-07-29T02:59:54+00:00","description":"Los consumidores pueden utilizar las tecnolog\u00edas de DPI GLOBAL con la m\u00e1xima confianza en su calidad, eficacia, fiabilidad y seguridad.","breadcrumb":{"@id":"https:\/\/micro-aid.com\/es\/dpi-global\/#breadcrumb"},"inLanguage":"es","potentialAction":[{"@type":"ReadAction","target":["https:\/\/micro-aid.com\/es\/dpi-global\/"]}]},{"@type":"BreadcrumbList","@id":"https:\/\/micro-aid.com\/es\/dpi-global\/#breadcrumb","itemListElement":[{"@type":"ListItem","position":1,"name":"Home","item":"https:\/\/micro-aid.com\/es\/inicio\/"},{"@type":"ListItem","position":2,"name":"DPI Global"}]},{"@type":"WebSite","@id":"https:\/\/micro-aid.com\/es\/#website","url":"https:\/\/micro-aid.com\/es\/","name":"Micro-Aid\u00ae","description":"Descubra los beneficios de Micro-Aid\u00ae totalmente natural","publisher":{"@id":"https:\/\/micro-aid.com\/es\/#organization"},"potentialAction":[{"@type":"SearchAction","target":{"@type":"EntryPoint","urlTemplate":"https:\/\/micro-aid.com\/es\/?s={search_term_string}"},"query-input":{"@type":"PropertyValueSpecification","valueRequired":true,"valueName":"search_term_string"}}],"inLanguage":"es"},{"@type":"Organization","@id":"https:\/\/micro-aid.com\/es\/#organization","name":"Micro-Aid\u00ae","url":"https:\/\/micro-aid.com\/es\/","logo":{"@type":"ImageObject","inLanguage":"es","@id":"https:\/\/micro-aid.com\/es\/#\/schema\/logo\/image\/","url":"https:\/\/micro-aid.com\/wp-content\/uploads\/2021\/08\/microaid-logo.svg","contentUrl":"https:\/\/micro-aid.com\/wp-content\/uploads\/2021\/08\/microaid-logo.svg","width":334,"height":58,"caption":"Micro-Aid\u00ae"},"image":{"@id":"https:\/\/micro-aid.com\/es\/#\/schema\/logo\/image\/"}}]}},"_links":{"self":[{"href":"https:\/\/micro-aid.com\/es\/wp-json\/wp\/v2\/pages\/526","targetHints":{"allow":["GET"]}}],"collection":[{"href":"https:\/\/micro-aid.com\/es\/wp-json\/wp\/v2\/pages"}],"about":[{"href":"https:\/\/micro-aid.com\/es\/wp-json\/wp\/v2\/types\/page"}],"author":[{"embeddable":true,"href":"https:\/\/micro-aid.com\/es\/wp-json\/wp\/v2\/users\/1"}],"replies":[{"embeddable":true,"href":"https:\/\/micro-aid.com\/es\/wp-json\/wp\/v2\/comments?post=526"}],"version-history":[{"count":2,"href":"https:\/\/micro-aid.com\/es\/wp-json\/wp\/v2\/pages\/526\/revisions"}],"predecessor-version":[{"id":734,"href":"https:\/\/micro-aid.com\/es\/wp-json\/wp\/v2\/pages\/526\/revisions\/734"}],"wp:attachment":[{"href":"https:\/\/micro-aid.com\/es\/wp-json\/wp\/v2\/media?parent=526"}],"curies":[{"name":"wp","href":"https:\/\/api.w.org\/{rel}","templated":true}]}}