{"id":530,"date":"2021-08-27T18:26:55","date_gmt":"2021-08-27T23:26:55","guid":{"rendered":"https:\/\/micro-aid.com\/inversion-en-micro-aid\/"},"modified":"2024-03-07T12:01:10","modified_gmt":"2024-03-07T18:01:10","slug":"inversion-en-micro-aid","status":"publish","type":"page","link":"https:\/\/micro-aid.com\/es\/inversion-en-micro-aid\/","title":{"rendered":"Inversi\u00f3n en Micro-Aid"},"content":{"rendered":"<h3>Impactos financieros<\/h3>\n<p>&nbsp;<\/p>\n<h4>Inversi\u00f3n<\/h4>\n<p>A la hora de considerar la adaptaci\u00f3n de una nueva tecnolog\u00eda, hay que tener en cuenta el potencial retorno de la inversi\u00f3n de la tecnolog\u00eda y la investigaci\u00f3n que se ha llevado a cabo para apoyar la eficacia de la tecnolog\u00eda. \u00a1DPI GLOBAL tiene la investigaci\u00f3n! Hay pocas tecnolog\u00edas que cuenten con la investigaci\u00f3n de apoyo y los costes m\u00ednimos de entrada para compararse siquiera con <sup>Micro-Aid\u00ae<\/sup>.<\/p>\n<p>&nbsp;<\/p>\n<h4>Valor-retorno<\/h4>\n<p>La investigaci\u00f3n exhaustiva a lo largo del tiempo es la que mejor determina el valor-rendimiento de una tecnolog\u00eda. Se considera que las tecnolog\u00edas que demuestran sistem\u00e1ticamente una mejora significativa del rendimiento de los animales y que generan valores muy superiores a la inversi\u00f3n tienen un alto valor de retorno y ofrecen el mejor potencial de rentabilidad.<\/p>\n<p>&nbsp;<\/p>\n<h4>Riesgo<\/h4>\n<p>La investigaci\u00f3n de productos que se ha repetido con \u00e9xito a lo largo del tiempo en m\u00faltiples especies reduce el riesgo de adopci\u00f3n. Las tecnolog\u00edas que tienen un bajo precio de inversi\u00f3n y demuestran una alta probabilidad de \u00e9xito con un alto valor de retorno se consideran de m\u00ednimo riesgo. La tecnolog\u00eda <sup>Micro-Aid\u00ae <\/sup>es de bajo riesgo con un alto valor de retorno.<\/p>\n","protected":false},"excerpt":{"rendered":"<p>Impactos financieros &nbsp; Inversi\u00f3n A la hora de considerar la adaptaci\u00f3n de una nueva tecnolog\u00eda, hay que tener en cuenta el potencial retorno de la inversi\u00f3n de la tecnolog\u00eda y la investigaci\u00f3n que se ha llevado a cabo para apoyar la eficacia de la tecnolog\u00eda. \u00a1DPI GLOBAL tiene la investigaci\u00f3n! Hay pocas tecnolog\u00edas que cuenten [&#8230;]<\/p>\n<p><a class=\"btn btn-secondary understrap-read-more-link\" href=\"https:\/\/micro-aid.com\/es\/inversion-en-micro-aid\/\">Leer m\u00e1s&#8230;<span class=\"screen-reader-text\"> from Inversi\u00f3n en Micro-Aid<\/span><\/a><\/p>\n","protected":false},"author":1,"featured_media":0,"parent":0,"menu_order":0,"comment_status":"closed","ping_status":"closed","template":"page-templates\/investment.php","meta":{"_acf_changed":false,"footnotes":""},"class_list":["post-530","page","type-page","status-publish","hentry"],"acf":[],"yoast_head":"<!-- This site is optimized with the Yoast SEO plugin v26.8 - https:\/\/yoast.com\/product\/yoast-seo-wordpress\/ -->\n<title>Inversi\u00f3n en Micro-Aid - Micro-Aid\u00ae<\/title>\n<meta name=\"description\" content=\"Micro-Aid utilizado junto con otras tecnolog\u00edas + pr\u00e1cticas de gesti\u00f3n puede ayudar a minimizar las emisiones y las posibles molestias.\" \/>\n<meta name=\"robots\" content=\"index, follow, max-snippet:-1, max-image-preview:large, max-video-preview:-1\" \/>\n<link rel=\"canonical\" href=\"https:\/\/micro-aid.com\/es\/inversion-en-micro-aid\/\" \/>\n<meta property=\"og:locale\" content=\"es_ES\" \/>\n<meta property=\"og:type\" content=\"article\" \/>\n<meta property=\"og:title\" content=\"Inversi\u00f3n en Micro-Aid - Micro-Aid\u00ae\" \/>\n<meta property=\"og:description\" content=\"Micro-Aid utilizado junto con otras tecnolog\u00edas + pr\u00e1cticas de gesti\u00f3n puede ayudar a minimizar las emisiones y las posibles molestias.\" \/>\n<meta property=\"og:url\" content=\"https:\/\/micro-aid.com\/es\/inversion-en-micro-aid\/\" \/>\n<meta property=\"og:site_name\" content=\"Micro-Aid\u00ae\" \/>\n<meta property=\"article:modified_time\" content=\"2024-03-07T18:01:10+00:00\" \/>\n<meta name=\"twitter:card\" content=\"summary_large_image\" \/>\n<meta name=\"twitter:label1\" content=\"Tiempo de lectura\" \/>\n\t<meta name=\"twitter:data1\" content=\"1 minuto\" \/>\n<script type=\"application\/ld+json\" class=\"yoast-schema-graph\">{\"@context\":\"https:\/\/schema.org\",\"@graph\":[{\"@type\":\"WebPage\",\"@id\":\"https:\/\/micro-aid.com\/es\/inversion-en-micro-aid\/\",\"url\":\"https:\/\/micro-aid.com\/es\/inversion-en-micro-aid\/\",\"name\":\"Inversi\u00f3n en Micro-Aid - Micro-Aid\u00ae\",\"isPartOf\":{\"@id\":\"https:\/\/micro-aid.com\/es\/#website\"},\"datePublished\":\"2021-08-27T23:26:55+00:00\",\"dateModified\":\"2024-03-07T18:01:10+00:00\",\"description\":\"Micro-Aid utilizado junto con otras tecnolog\u00edas + pr\u00e1cticas de gesti\u00f3n puede ayudar a minimizar las emisiones y las posibles molestias.\",\"breadcrumb\":{\"@id\":\"https:\/\/micro-aid.com\/es\/inversion-en-micro-aid\/#breadcrumb\"},\"inLanguage\":\"es\",\"potentialAction\":[{\"@type\":\"ReadAction\",\"target\":[\"https:\/\/micro-aid.com\/es\/inversion-en-micro-aid\/\"]}]},{\"@type\":\"BreadcrumbList\",\"@id\":\"https:\/\/micro-aid.com\/es\/inversion-en-micro-aid\/#breadcrumb\",\"itemListElement\":[{\"@type\":\"ListItem\",\"position\":1,\"name\":\"Home\",\"item\":\"https:\/\/micro-aid.com\/es\/inicio\/\"},{\"@type\":\"ListItem\",\"position\":2,\"name\":\"Inversi\u00f3n en Micro-Aid\"}]},{\"@type\":\"WebSite\",\"@id\":\"https:\/\/micro-aid.com\/es\/#website\",\"url\":\"https:\/\/micro-aid.com\/es\/\",\"name\":\"Micro-Aid\u00ae\",\"description\":\"Descubra los beneficios de Micro-Aid\u00ae totalmente natural\",\"publisher\":{\"@id\":\"https:\/\/micro-aid.com\/es\/#organization\"},\"potentialAction\":[{\"@type\":\"SearchAction\",\"target\":{\"@type\":\"EntryPoint\",\"urlTemplate\":\"https:\/\/micro-aid.com\/es\/?s={search_term_string}\"},\"query-input\":{\"@type\":\"PropertyValueSpecification\",\"valueRequired\":true,\"valueName\":\"search_term_string\"}}],\"inLanguage\":\"es\"},{\"@type\":\"Organization\",\"@id\":\"https:\/\/micro-aid.com\/es\/#organization\",\"name\":\"Micro-Aid\u00ae\",\"url\":\"https:\/\/micro-aid.com\/es\/\",\"logo\":{\"@type\":\"ImageObject\",\"inLanguage\":\"es\",\"@id\":\"https:\/\/micro-aid.com\/es\/#\/schema\/logo\/image\/\",\"url\":\"https:\/\/micro-aid.com\/wp-content\/uploads\/2021\/08\/microaid-logo.svg\",\"contentUrl\":\"https:\/\/micro-aid.com\/wp-content\/uploads\/2021\/08\/microaid-logo.svg\",\"width\":334,\"height\":58,\"caption\":\"Micro-Aid\u00ae\"},\"image\":{\"@id\":\"https:\/\/micro-aid.com\/es\/#\/schema\/logo\/image\/\"}}]}<\/script>\n<!-- \/ Yoast SEO plugin. -->","yoast_head_json":{"title":"Inversi\u00f3n en Micro-Aid - Micro-Aid\u00ae","description":"Micro-Aid utilizado junto con otras tecnolog\u00edas + pr\u00e1cticas de gesti\u00f3n puede ayudar a minimizar las emisiones y las posibles molestias.","robots":{"index":"index","follow":"follow","max-snippet":"max-snippet:-1","max-image-preview":"max-image-preview:large","max-video-preview":"max-video-preview:-1"},"canonical":"https:\/\/micro-aid.com\/es\/inversion-en-micro-aid\/","og_locale":"es_ES","og_type":"article","og_title":"Inversi\u00f3n en Micro-Aid - Micro-Aid\u00ae","og_description":"Micro-Aid utilizado junto con otras tecnolog\u00edas + pr\u00e1cticas de gesti\u00f3n puede ayudar a minimizar las emisiones y las posibles molestias.","og_url":"https:\/\/micro-aid.com\/es\/inversion-en-micro-aid\/","og_site_name":"Micro-Aid\u00ae","article_modified_time":"2024-03-07T18:01:10+00:00","twitter_card":"summary_large_image","twitter_misc":{"Tiempo de lectura":"1 minuto"},"schema":{"@context":"https:\/\/schema.org","@graph":[{"@type":"WebPage","@id":"https:\/\/micro-aid.com\/es\/inversion-en-micro-aid\/","url":"https:\/\/micro-aid.com\/es\/inversion-en-micro-aid\/","name":"Inversi\u00f3n en Micro-Aid - Micro-Aid\u00ae","isPartOf":{"@id":"https:\/\/micro-aid.com\/es\/#website"},"datePublished":"2021-08-27T23:26:55+00:00","dateModified":"2024-03-07T18:01:10+00:00","description":"Micro-Aid utilizado junto con otras tecnolog\u00edas + pr\u00e1cticas de gesti\u00f3n puede ayudar a minimizar las emisiones y las posibles molestias.","breadcrumb":{"@id":"https:\/\/micro-aid.com\/es\/inversion-en-micro-aid\/#breadcrumb"},"inLanguage":"es","potentialAction":[{"@type":"ReadAction","target":["https:\/\/micro-aid.com\/es\/inversion-en-micro-aid\/"]}]},{"@type":"BreadcrumbList","@id":"https:\/\/micro-aid.com\/es\/inversion-en-micro-aid\/#breadcrumb","itemListElement":[{"@type":"ListItem","position":1,"name":"Home","item":"https:\/\/micro-aid.com\/es\/inicio\/"},{"@type":"ListItem","position":2,"name":"Inversi\u00f3n en Micro-Aid"}]},{"@type":"WebSite","@id":"https:\/\/micro-aid.com\/es\/#website","url":"https:\/\/micro-aid.com\/es\/","name":"Micro-Aid\u00ae","description":"Descubra los beneficios de Micro-Aid\u00ae totalmente natural","publisher":{"@id":"https:\/\/micro-aid.com\/es\/#organization"},"potentialAction":[{"@type":"SearchAction","target":{"@type":"EntryPoint","urlTemplate":"https:\/\/micro-aid.com\/es\/?s={search_term_string}"},"query-input":{"@type":"PropertyValueSpecification","valueRequired":true,"valueName":"search_term_string"}}],"inLanguage":"es"},{"@type":"Organization","@id":"https:\/\/micro-aid.com\/es\/#organization","name":"Micro-Aid\u00ae","url":"https:\/\/micro-aid.com\/es\/","logo":{"@type":"ImageObject","inLanguage":"es","@id":"https:\/\/micro-aid.com\/es\/#\/schema\/logo\/image\/","url":"https:\/\/micro-aid.com\/wp-content\/uploads\/2021\/08\/microaid-logo.svg","contentUrl":"https:\/\/micro-aid.com\/wp-content\/uploads\/2021\/08\/microaid-logo.svg","width":334,"height":58,"caption":"Micro-Aid\u00ae"},"image":{"@id":"https:\/\/micro-aid.com\/es\/#\/schema\/logo\/image\/"}}]}},"_links":{"self":[{"href":"https:\/\/micro-aid.com\/es\/wp-json\/wp\/v2\/pages\/530","targetHints":{"allow":["GET"]}}],"collection":[{"href":"https:\/\/micro-aid.com\/es\/wp-json\/wp\/v2\/pages"}],"about":[{"href":"https:\/\/micro-aid.com\/es\/wp-json\/wp\/v2\/types\/page"}],"author":[{"embeddable":true,"href":"https:\/\/micro-aid.com\/es\/wp-json\/wp\/v2\/users\/1"}],"replies":[{"embeddable":true,"href":"https:\/\/micro-aid.com\/es\/wp-json\/wp\/v2\/comments?post=530"}],"version-history":[{"count":2,"href":"https:\/\/micro-aid.com\/es\/wp-json\/wp\/v2\/pages\/530\/revisions"}],"predecessor-version":[{"id":652,"href":"https:\/\/micro-aid.com\/es\/wp-json\/wp\/v2\/pages\/530\/revisions\/652"}],"wp:attachment":[{"href":"https:\/\/micro-aid.com\/es\/wp-json\/wp\/v2\/media?parent=530"}],"curies":[{"name":"wp","href":"https:\/\/api.w.org\/{rel}","templated":true}]}}