{"id":531,"date":"2021-08-27T18:26:48","date_gmt":"2021-08-27T23:26:48","guid":{"rendered":"https:\/\/micro-aid.com\/valor-del-estiercol\/"},"modified":"2025-07-28T22:00:12","modified_gmt":"2025-07-29T03:00:12","slug":"valor-del-estiercol","status":"publish","type":"page","link":"https:\/\/micro-aid.com\/es\/valor-del-estiercol\/","title":{"rendered":"Valor del esti\u00e9rcol"},"content":{"rendered":"","protected":false},"excerpt":{"rendered":"<p> [&#8230;]<\/p>\n<p><a class=\"btn btn-secondary understrap-read-more-link\" href=\"https:\/\/micro-aid.com\/es\/valor-del-estiercol\/\">Leer m\u00e1s&#8230;<span class=\"screen-reader-text\"> from Valor del esti\u00e9rcol<\/span><\/a><\/p>\n","protected":false},"author":1,"featured_media":0,"parent":0,"menu_order":0,"comment_status":"closed","ping_status":"closed","template":"page-templates\/manure.php","meta":{"_acf_changed":false,"footnotes":""},"class_list":["post-531","page","type-page","status-publish","hentry"],"acf":[],"yoast_head":"<!-- This site is optimized with the Yoast SEO plugin v26.8 - https:\/\/yoast.com\/product\/yoast-seo-wordpress\/ -->\n<title>Valor del esti\u00e9rcol - Micro-Aid\u00ae<\/title>\n<meta name=\"description\" content=\"\u00bfCombatir la escalada de costes de los fertilizantes comerciales? Micro-Aid ofrece una forma \u00fanica de aumentar realmente la rentabilidad a trav\u00e9s del valor del esti\u00e9rcol.\" \/>\n<meta name=\"robots\" content=\"index, follow, max-snippet:-1, max-image-preview:large, max-video-preview:-1\" \/>\n<link rel=\"canonical\" href=\"https:\/\/micro-aid.com\/es\/valor-del-estiercol\/\" \/>\n<meta property=\"og:locale\" content=\"es_ES\" \/>\n<meta property=\"og:type\" content=\"article\" \/>\n<meta property=\"og:title\" content=\"Valor del esti\u00e9rcol - Micro-Aid\u00ae\" \/>\n<meta property=\"og:description\" content=\"\u00bfCombatir la escalada de costes de los fertilizantes comerciales? Micro-Aid ofrece una forma \u00fanica de aumentar realmente la rentabilidad a trav\u00e9s del valor del esti\u00e9rcol.\" \/>\n<meta property=\"og:url\" content=\"https:\/\/micro-aid.com\/es\/valor-del-estiercol\/\" \/>\n<meta property=\"og:site_name\" content=\"Micro-Aid\u00ae\" \/>\n<meta property=\"article:modified_time\" content=\"2025-07-29T03:00:12+00:00\" \/>\n<meta name=\"twitter:card\" content=\"summary_large_image\" \/>\n<meta name=\"twitter:label1\" content=\"Tiempo de lectura\" \/>\n\t<meta name=\"twitter:data1\" content=\"6 minutos\" \/>\n<script type=\"application\/ld+json\" class=\"yoast-schema-graph\">{\"@context\":\"https:\/\/schema.org\",\"@graph\":[{\"@type\":\"WebPage\",\"@id\":\"https:\/\/micro-aid.com\/es\/valor-del-estiercol\/\",\"url\":\"https:\/\/micro-aid.com\/es\/valor-del-estiercol\/\",\"name\":\"Valor del esti\u00e9rcol - Micro-Aid\u00ae\",\"isPartOf\":{\"@id\":\"https:\/\/micro-aid.com\/es\/#website\"},\"datePublished\":\"2021-08-27T23:26:48+00:00\",\"dateModified\":\"2025-07-29T03:00:12+00:00\",\"description\":\"\u00bfCombatir la escalada de costes de los fertilizantes comerciales? Micro-Aid ofrece una forma \u00fanica de aumentar realmente la rentabilidad a trav\u00e9s del valor del esti\u00e9rcol.\",\"breadcrumb\":{\"@id\":\"https:\/\/micro-aid.com\/es\/valor-del-estiercol\/#breadcrumb\"},\"inLanguage\":\"es\",\"potentialAction\":[{\"@type\":\"ReadAction\",\"target\":[\"https:\/\/micro-aid.com\/es\/valor-del-estiercol\/\"]}]},{\"@type\":\"BreadcrumbList\",\"@id\":\"https:\/\/micro-aid.com\/es\/valor-del-estiercol\/#breadcrumb\",\"itemListElement\":[{\"@type\":\"ListItem\",\"position\":1,\"name\":\"Home\",\"item\":\"https:\/\/micro-aid.com\/es\/inicio\/\"},{\"@type\":\"ListItem\",\"position\":2,\"name\":\"Valor del esti\u00e9rcol\"}]},{\"@type\":\"WebSite\",\"@id\":\"https:\/\/micro-aid.com\/es\/#website\",\"url\":\"https:\/\/micro-aid.com\/es\/\",\"name\":\"Micro-Aid\u00ae\",\"description\":\"Descubra los beneficios de Micro-Aid\u00ae totalmente natural\",\"publisher\":{\"@id\":\"https:\/\/micro-aid.com\/es\/#organization\"},\"potentialAction\":[{\"@type\":\"SearchAction\",\"target\":{\"@type\":\"EntryPoint\",\"urlTemplate\":\"https:\/\/micro-aid.com\/es\/?s={search_term_string}\"},\"query-input\":{\"@type\":\"PropertyValueSpecification\",\"valueRequired\":true,\"valueName\":\"search_term_string\"}}],\"inLanguage\":\"es\"},{\"@type\":\"Organization\",\"@id\":\"https:\/\/micro-aid.com\/es\/#organization\",\"name\":\"Micro-Aid\u00ae\",\"url\":\"https:\/\/micro-aid.com\/es\/\",\"logo\":{\"@type\":\"ImageObject\",\"inLanguage\":\"es\",\"@id\":\"https:\/\/micro-aid.com\/es\/#\/schema\/logo\/image\/\",\"url\":\"https:\/\/micro-aid.com\/wp-content\/uploads\/2021\/08\/microaid-logo.svg\",\"contentUrl\":\"https:\/\/micro-aid.com\/wp-content\/uploads\/2021\/08\/microaid-logo.svg\",\"width\":334,\"height\":58,\"caption\":\"Micro-Aid\u00ae\"},\"image\":{\"@id\":\"https:\/\/micro-aid.com\/es\/#\/schema\/logo\/image\/\"}}]}<\/script>\n<!-- \/ Yoast SEO plugin. -->","yoast_head_json":{"title":"Valor del esti\u00e9rcol - Micro-Aid\u00ae","description":"\u00bfCombatir la escalada de costes de los fertilizantes comerciales? Micro-Aid ofrece una forma \u00fanica de aumentar realmente la rentabilidad a trav\u00e9s del valor del esti\u00e9rcol.","robots":{"index":"index","follow":"follow","max-snippet":"max-snippet:-1","max-image-preview":"max-image-preview:large","max-video-preview":"max-video-preview:-1"},"canonical":"https:\/\/micro-aid.com\/es\/valor-del-estiercol\/","og_locale":"es_ES","og_type":"article","og_title":"Valor del esti\u00e9rcol - Micro-Aid\u00ae","og_description":"\u00bfCombatir la escalada de costes de los fertilizantes comerciales? Micro-Aid ofrece una forma \u00fanica de aumentar realmente la rentabilidad a trav\u00e9s del valor del esti\u00e9rcol.","og_url":"https:\/\/micro-aid.com\/es\/valor-del-estiercol\/","og_site_name":"Micro-Aid\u00ae","article_modified_time":"2025-07-29T03:00:12+00:00","twitter_card":"summary_large_image","twitter_misc":{"Tiempo de lectura":"6 minutos"},"schema":{"@context":"https:\/\/schema.org","@graph":[{"@type":"WebPage","@id":"https:\/\/micro-aid.com\/es\/valor-del-estiercol\/","url":"https:\/\/micro-aid.com\/es\/valor-del-estiercol\/","name":"Valor del esti\u00e9rcol - Micro-Aid\u00ae","isPartOf":{"@id":"https:\/\/micro-aid.com\/es\/#website"},"datePublished":"2021-08-27T23:26:48+00:00","dateModified":"2025-07-29T03:00:12+00:00","description":"\u00bfCombatir la escalada de costes de los fertilizantes comerciales? Micro-Aid ofrece una forma \u00fanica de aumentar realmente la rentabilidad a trav\u00e9s del valor del esti\u00e9rcol.","breadcrumb":{"@id":"https:\/\/micro-aid.com\/es\/valor-del-estiercol\/#breadcrumb"},"inLanguage":"es","potentialAction":[{"@type":"ReadAction","target":["https:\/\/micro-aid.com\/es\/valor-del-estiercol\/"]}]},{"@type":"BreadcrumbList","@id":"https:\/\/micro-aid.com\/es\/valor-del-estiercol\/#breadcrumb","itemListElement":[{"@type":"ListItem","position":1,"name":"Home","item":"https:\/\/micro-aid.com\/es\/inicio\/"},{"@type":"ListItem","position":2,"name":"Valor del esti\u00e9rcol"}]},{"@type":"WebSite","@id":"https:\/\/micro-aid.com\/es\/#website","url":"https:\/\/micro-aid.com\/es\/","name":"Micro-Aid\u00ae","description":"Descubra los beneficios de Micro-Aid\u00ae totalmente natural","publisher":{"@id":"https:\/\/micro-aid.com\/es\/#organization"},"potentialAction":[{"@type":"SearchAction","target":{"@type":"EntryPoint","urlTemplate":"https:\/\/micro-aid.com\/es\/?s={search_term_string}"},"query-input":{"@type":"PropertyValueSpecification","valueRequired":true,"valueName":"search_term_string"}}],"inLanguage":"es"},{"@type":"Organization","@id":"https:\/\/micro-aid.com\/es\/#organization","name":"Micro-Aid\u00ae","url":"https:\/\/micro-aid.com\/es\/","logo":{"@type":"ImageObject","inLanguage":"es","@id":"https:\/\/micro-aid.com\/es\/#\/schema\/logo\/image\/","url":"https:\/\/micro-aid.com\/wp-content\/uploads\/2021\/08\/microaid-logo.svg","contentUrl":"https:\/\/micro-aid.com\/wp-content\/uploads\/2021\/08\/microaid-logo.svg","width":334,"height":58,"caption":"Micro-Aid\u00ae"},"image":{"@id":"https:\/\/micro-aid.com\/es\/#\/schema\/logo\/image\/"}}]}},"_links":{"self":[{"href":"https:\/\/micro-aid.com\/es\/wp-json\/wp\/v2\/pages\/531","targetHints":{"allow":["GET"]}}],"collection":[{"href":"https:\/\/micro-aid.com\/es\/wp-json\/wp\/v2\/pages"}],"about":[{"href":"https:\/\/micro-aid.com\/es\/wp-json\/wp\/v2\/types\/page"}],"author":[{"embeddable":true,"href":"https:\/\/micro-aid.com\/es\/wp-json\/wp\/v2\/users\/1"}],"replies":[{"embeddable":true,"href":"https:\/\/micro-aid.com\/es\/wp-json\/wp\/v2\/comments?post=531"}],"version-history":[{"count":2,"href":"https:\/\/micro-aid.com\/es\/wp-json\/wp\/v2\/pages\/531\/revisions"}],"predecessor-version":[{"id":735,"href":"https:\/\/micro-aid.com\/es\/wp-json\/wp\/v2\/pages\/531\/revisions\/735"}],"wp:attachment":[{"href":"https:\/\/micro-aid.com\/es\/wp-json\/wp\/v2\/media?parent=531"}],"curies":[{"name":"wp","href":"https:\/\/api.w.org\/{rel}","templated":true}]}}